{"id":4,"date":"2015-05-26T16:27:40","date_gmt":"2015-05-26T14:27:40","guid":{"rendered":"http:\/\/www.diplomelektriker.wien\/ekici\/?page_id=4"},"modified":"2026-04-22T21:30:51","modified_gmt":"2026-04-22T19:30:51","slug":"home","status":"publish","type":"page","link":"https:\/\/www.diplomelektriker.wien\/ekici\/","title":{"rendered":"Unser Service"},"content":{"rendered":"<pre><span style=\"color: #000000; font-size: 12pt;\">\nUnser Leistungsspektrum umfasst Produkte, Systeme und Dienstleistungen im Bereich Elektrotechnik, Haustechnik und Sicherheitstechnik wie die Beratung, Planung, Ausf\u00fchrung, Elektroinstallation und Inbetriebnahme von Elektroverteilern.Ein Bestandteil der technischen Geb\u00e4udeausr\u00fcstung ist die Sanit\u00e4rtechnik. Wir erarbeiten, gemeinsam mit unserem Partner, individuelle Probleml\u00f6sungen f\u00fcr Privat-, Gewerbe- und Industrieinstallationen sowie Sanit\u00e4reinrichtungsl\u00f6sungen.\u00a0Auch im Bereich Sicherheitstechnik mit Alarmanlagen oder Video\u00fcberwachung bieten wir individuelle Probleml\u00f6sungen f\u00fcr das Sicherheitsbed\u00fcrfnis unserer Kunden.\n<\/span><\/pre>\n<h5>ELEKTROTECHNIK<\/h5>\n<pre><span style=\"color: #000000; font-size: 12pt;\">\nBeratung Projektleitung Konzepterstellung Planung nach \u00d6VE-Richtlinien Installation \u00dcberpr\u00fcfung &amp; Dokumentation Montage &amp; Anschluss \u00dcberpr\u00fcfungen VD 390 Beh\u00f6rdenabnahme und Inbetriebnahme Einschulung Service &amp; Wartung Privat-, Gewerbe- und Industrieinstallationen Neu- und Altbauinstallationen Anlagenbuch Sprechanlagen Beleuchtungstechnik Notbeleuchtungen Beschallungsanlagen Erdungsanlagen EIB \/ KNX - Bussysteme USV-Anlagen SAT- Anlagen\nUnsere <a href=\"https:\/\/www.elektro-ekici.at\/\">Elektriker Wien<\/a> mit viel Erfahrung im Bereich St\u00f6rungsdienst stehen 24 Stunden am Tag innerhalb von k\u00fcrzeste Zeit f\u00fcr Sie zur Verf\u00fcgung<\/span><\/pre>\n<h5>HAUSTECHNIK<\/h5>\n<pre><span style=\"color: #000000; font-size: 12pt;\">\nHeizkesselanlagen f\u00fcr feste, fl\u00fcssige, gasf\u00f6rmige und regenerative Prim\u00e4renergien Sanit\u00e4reinrichtungen f\u00fcr Hotel-, Gesundheits- und Freizeitanlagen Edelstahlrohrversorgungs- und Entsorgungssysteme Wasser- und Abwasseraufbereitungsanlagen Klimaanlagen f\u00fcr Geb\u00e4ude Lufttechnik in der Industrie und f\u00fcr Multifunktionsgeb\u00e4ude Raumlufttechnische Anlagen Entrauchung von Geb\u00e4uden L\u00fcftungsanlagen f\u00fcr Wohnbauten durchf\u00fchren von notwendige Elektroverkabelung<\/span><\/pre>\n<h5>SICHERHEITSTECHNIK<\/h5>\n<pre><span style=\"color: #000000; font-size: 12pt;\">\nBeratung Projektleitung Planung nach VS\u00d6-Richtlinien Installation Montage &amp; Anschluss Einschulung Service &amp; Wartung Alarmanlagen Einbruchmeldesysteme Brandmeldesysteme Video\u00fcberwachung Zutrittskontrollsysteme<\/span><\/pre>\n<p><img loading=\"lazy\" decoding=\"async\" class=\"alignnone size-medium wp-image-272\" src=\"https:\/\/www.diplomelektriker.wien\/ekici\/wp-content\/uploads\/2025\/12\/Screenshot-2025-12-15-143354-300x74.jpeg\" alt=\"\" width=\"300\" height=\"74\" srcset=\"https:\/\/www.diplomelektriker.wien\/ekici\/wp-content\/uploads\/2025\/12\/Screenshot-2025-12-15-143354-300x74.jpeg 300w, https:\/\/www.diplomelektriker.wien\/ekici\/wp-content\/uploads\/2025\/12\/Screenshot-2025-12-15-143354-768x190.jpeg 768w, https:\/\/www.diplomelektriker.wien\/ekici\/wp-content\/uploads\/2025\/12\/Screenshot-2025-12-15-143354-600x148.jpeg 600w, https:\/\/www.diplomelektriker.wien\/ekici\/wp-content\/uploads\/2025\/12\/Screenshot-2025-12-15-143354.jpeg 1012w\" sizes=\"auto, (max-width: 300px) 100vw, 300px\" \/><\/p>\n\n\n<p><\/p>\n","protected":false},"excerpt":{"rendered":"<p>Unser Leistungsspektrum umfasst Produkte, Systeme und Dienstleistungen im Bereich Elektrotechnik, Haustechnik und Sicherheitstechnik wie die Beratung, Planung, Ausf\u00fchrung, Elektroinstallation und Inbetriebnahme von Elektroverteilern.Ein Bestandteil der technischen Geb\u00e4udeausr\u00fcstung ist die Sanit\u00e4rtechnik. Wir erarbeiten, gemeinsam mit unserem Partner, individuelle Probleml\u00f6sungen f\u00fcr Privat-, Gewerbe- und Industrieinstallationen sowie Sanit\u00e4reinrichtungsl\u00f6sungen.\u00a0Auch<\/p>\n","protected":false},"author":1,"featured_media":0,"parent":0,"menu_order":1,"comment_status":"closed","ping_status":"closed","template":"","meta":{"footnotes":""},"class_list":["post-4","page","type-page","status-publish","hentry"],"_links":{"self":[{"href":"https:\/\/www.diplomelektriker.wien\/ekici\/wp-json\/wp\/v2\/pages\/4","targetHints":{"allow":["GET"]}}],"collection":[{"href":"https:\/\/www.diplomelektriker.wien\/ekici\/wp-json\/wp\/v2\/pages"}],"about":[{"href":"https:\/\/www.diplomelektriker.wien\/ekici\/wp-json\/wp\/v2\/types\/page"}],"author":[{"embeddable":true,"href":"https:\/\/www.diplomelektriker.wien\/ekici\/wp-json\/wp\/v2\/users\/1"}],"replies":[{"embeddable":true,"href":"https:\/\/www.diplomelektriker.wien\/ekici\/wp-json\/wp\/v2\/comments?post=4"}],"version-history":[{"count":47,"href":"https:\/\/www.diplomelektriker.wien\/ekici\/wp-json\/wp\/v2\/pages\/4\/revisions"}],"predecessor-version":[{"id":274,"href":"https:\/\/www.diplomelektriker.wien\/ekici\/wp-json\/wp\/v2\/pages\/4\/revisions\/274"}],"wp:attachment":[{"href":"https:\/\/www.diplomelektriker.wien\/ekici\/wp-json\/wp\/v2\/media?parent=4"}],"curies":[{"name":"wp","href":"https:\/\/api.w.org\/{rel}","templated":true}]}}